{"id":50,"date":"2018-05-14T19:12:02","date_gmt":"2018-05-14T17:12:02","guid":{"rendered":"https:\/\/ff-kreiensen.de\/ff\/?page_id=50"},"modified":"2026-02-08T10:28:29","modified_gmt":"2026-02-08T09:28:29","slug":"einsatzabteilung","status":"publish","type":"page","link":"https:\/\/ff-kreiensen.de\/ff\/einsatzabteilung\/","title":{"rendered":"Einsatzabteilung"},"content":{"rendered":"\n<p class=\"has-text-align-justify\">Die Einsatzabteilung der Freiwilligen Feuerwehr Kreiensen trifft sich <strong>jeden Dienstag um 19:00 Uhr<\/strong> am Ger\u00e4tehaus in der Billerbecker Stra\u00dfe und verrichtet dort ihren Ausbildungsdienst. Wenn Sie Interesse haben, schauen Sie doch einfach vorbei. M\u00f6chten Sie nichts mehr verpassen, so k\u00f6nnen Sie uns auch bei <a rel=\"alternate noopener noreferrer\" href=\"https:\/\/www.facebook.com\/FeuerwehrKreiensen\/\" target=\"_blank\">Facebook<\/a> einen Besuch abstatten. Dort posten wir regelm\u00e4\u00dfig Informationen \u00fcber Veranstaltungen und neue Eins\u00e4tze.<\/p>\n\n\n\n<p class=\"has-text-align-justify\">Dienstpl\u00e4ne und Formulare finden Sie in unserem <a href=\"https:\/\/ff-kreiensen.de\/ff\/downloads\/\" data-type=\"page\" data-id=\"49\">Download-Bereich<\/a>.<\/p>\n\n\n\n<p class=\"has-text-align-justify\">Interesse an unser Kinder- und Jugendarbeit? Klicken Sie <a href=\"https:\/\/ff-kreiensen.de\/ff\/kinderfeuerwehr\/\">hier<\/a> f\u00fcr Informationen zur Kinderfeuerwehr und <a href=\"https:\/\/ff-kreiensen.de\/ff\/jugendfeuerwehr\/\">hier<\/a> f\u00fcr Informationen zur Jugendfeuerwehr.<\/p>\n\n\n\n<h3 class=\"wp-block-heading has-text-align-center\">Das Kommando unserer Wehr<\/h3>\n\n\n<div class=\"wp-block-image is-resized\">\n<figure class=\"aligncenter size-large\"><img loading=\"lazy\" decoding=\"async\" width=\"1024\" height=\"1024\" src=\"https:\/\/ff-kreiensen.de\/ff\/wp-content\/uploads\/2023\/06\/IMG_0280-1024x1024.jpg\" alt=\"\" class=\"wp-image-1962\" style=\"width:300px\" srcset=\"https:\/\/ff-kreiensen.de\/ff\/wp-content\/uploads\/2023\/06\/IMG_0280-1024x1024.jpg 1024w, https:\/\/ff-kreiensen.de\/ff\/wp-content\/uploads\/2023\/06\/IMG_0280-300x300.jpg 300w, https:\/\/ff-kreiensen.de\/ff\/wp-content\/uploads\/2023\/06\/IMG_0280-150x150.jpg 150w, https:\/\/ff-kreiensen.de\/ff\/wp-content\/uploads\/2023\/06\/IMG_0280-768x768.jpg 768w, https:\/\/ff-kreiensen.de\/ff\/wp-content\/uploads\/2023\/06\/IMG_0280.jpg 1467w\" sizes=\"auto, (max-width: 1024px) 100vw, 1024px\" \/><\/figure>\n<\/div>\n\n\n<p class=\"has-text-align-center\">Peter Schneider &#8211; Ortsbrandmeister<\/p>\n\n\n\n<p class=\"has-text-align-center\"><a href=\"https:\/\/ff-kreiensen.de\/ff\/kontakt#allgkontakt\" data-type=\"page\">Kontakt<\/a><\/p>\n\n\n\n<hr class=\"wp-block-separator has-css-opacity\"\/>\n\n\n<div class=\"wp-block-image is-resized\">\n<figure class=\"aligncenter size-large\"><img loading=\"lazy\" decoding=\"async\" width=\"1024\" height=\"1024\" src=\"https:\/\/ff-kreiensen.de\/ff\/wp-content\/uploads\/2023\/06\/IMG_0289-1024x1024.jpg\" alt=\"\" class=\"wp-image-1963\" style=\"width:300px\" srcset=\"https:\/\/ff-kreiensen.de\/ff\/wp-content\/uploads\/2023\/06\/IMG_0289-1024x1024.jpg 1024w, https:\/\/ff-kreiensen.de\/ff\/wp-content\/uploads\/2023\/06\/IMG_0289-300x300.jpg 300w, https:\/\/ff-kreiensen.de\/ff\/wp-content\/uploads\/2023\/06\/IMG_0289-150x150.jpg 150w, https:\/\/ff-kreiensen.de\/ff\/wp-content\/uploads\/2023\/06\/IMG_0289-768x768.jpg 768w, https:\/\/ff-kreiensen.de\/ff\/wp-content\/uploads\/2023\/06\/IMG_0289-1536x1536.jpg 1536w, https:\/\/ff-kreiensen.de\/ff\/wp-content\/uploads\/2023\/06\/IMG_0289.jpg 1620w\" sizes=\"auto, (max-width: 1024px) 100vw, 1024px\" \/><\/figure>\n<\/div>\n\n\n<p class=\"has-text-align-center\">Dennis Sch\u00fcnemann &#8211; stv. Ortsbrandmeister \/ Atemschutzbeauftragter<\/p>\n\n\n\n<p class=\"has-text-align-center\"><a href=\"https:\/\/ff-kreiensen.de\/ff\/kontakt#allgkontakt\" data-type=\"page\">Kontakt<\/a><\/p>\n\n\n\n<hr class=\"wp-block-separator has-css-opacity\"\/>\n\n\n<div class=\"wp-block-image is-resized\">\n<figure class=\"aligncenter size-full\"><img loading=\"lazy\" decoding=\"async\" width=\"512\" height=\"512\" src=\"https:\/\/ff-kreiensen.de\/ff\/wp-content\/uploads\/2018\/05\/cropped-favicon.png\" alt=\"\" class=\"wp-image-1441\" style=\"width:300px\" srcset=\"https:\/\/ff-kreiensen.de\/ff\/wp-content\/uploads\/2018\/05\/cropped-favicon.png 512w, https:\/\/ff-kreiensen.de\/ff\/wp-content\/uploads\/2018\/05\/cropped-favicon-300x300.png 300w, https:\/\/ff-kreiensen.de\/ff\/wp-content\/uploads\/2018\/05\/cropped-favicon-150x150.png 150w, https:\/\/ff-kreiensen.de\/ff\/wp-content\/uploads\/2018\/05\/cropped-favicon-270x270.png 270w, https:\/\/ff-kreiensen.de\/ff\/wp-content\/uploads\/2018\/05\/cropped-favicon-192x192.png 192w, https:\/\/ff-kreiensen.de\/ff\/wp-content\/uploads\/2018\/05\/cropped-favicon-180x180.png 180w, https:\/\/ff-kreiensen.de\/ff\/wp-content\/uploads\/2018\/05\/cropped-favicon-32x32.png 32w\" sizes=\"auto, (max-width: 512px) 100vw, 512px\" \/><\/figure>\n<\/div>\n\n\n<p class=\"has-text-align-center\">Vincent S\u00f6mmer &#8211; Gruppenf\u00fchrer<\/p>\n\n\n\n<p class=\"has-text-align-center\"><a href=\"https:\/\/ff-kreiensen.de\/ff\/kontakt#dienstkontakt\" data-type=\"page\">Kontakt<\/a><\/p>\n\n\n\n<hr class=\"wp-block-separator has-css-opacity\"\/>\n\n\n<div class=\"wp-block-image is-resized\">\n<figure class=\"aligncenter size-large\"><img loading=\"lazy\" decoding=\"async\" width=\"1024\" height=\"1024\" src=\"https:\/\/ff-kreiensen.de\/ff\/wp-content\/uploads\/2023\/06\/IMG_0281-1024x1024.jpg\" alt=\"\" class=\"wp-image-1965\" style=\"width:300px\" srcset=\"https:\/\/ff-kreiensen.de\/ff\/wp-content\/uploads\/2023\/06\/IMG_0281-1024x1024.jpg 1024w, https:\/\/ff-kreiensen.de\/ff\/wp-content\/uploads\/2023\/06\/IMG_0281-300x300.jpg 300w, https:\/\/ff-kreiensen.de\/ff\/wp-content\/uploads\/2023\/06\/IMG_0281-150x150.jpg 150w, https:\/\/ff-kreiensen.de\/ff\/wp-content\/uploads\/2023\/06\/IMG_0281-768x768.jpg 768w, https:\/\/ff-kreiensen.de\/ff\/wp-content\/uploads\/2023\/06\/IMG_0281.jpg 1356w\" sizes=\"auto, (max-width: 1024px) 100vw, 1024px\" \/><\/figure>\n<\/div>\n\n\n<p class=\"has-text-align-center\">Marco Wirthgen &#8211; Gruppenf\u00fchrer<\/p>\n\n\n\n<p class=\"has-text-align-center\"><a href=\"https:\/\/ff-kreiensen.de\/ff\/kontakt#dienstkontakt\" data-type=\"page\">Kontakt<\/a><\/p>\n\n\n\n<hr class=\"wp-block-separator has-alpha-channel-opacity\"\/>\n\n\n<div class=\"wp-block-image\">\n<figure class=\"aligncenter size-large is-resized\"><img loading=\"lazy\" decoding=\"async\" width=\"1024\" height=\"1024\" src=\"https:\/\/ff-kreiensen.de\/ff\/wp-content\/uploads\/2023\/10\/IMG_0813-1024x1024.jpg\" alt=\"\" class=\"wp-image-2081\" style=\"width:300px\" srcset=\"https:\/\/ff-kreiensen.de\/ff\/wp-content\/uploads\/2023\/10\/IMG_0813-1024x1024.jpg 1024w, https:\/\/ff-kreiensen.de\/ff\/wp-content\/uploads\/2023\/10\/IMG_0813-300x300.jpg 300w, https:\/\/ff-kreiensen.de\/ff\/wp-content\/uploads\/2023\/10\/IMG_0813-150x150.jpg 150w, https:\/\/ff-kreiensen.de\/ff\/wp-content\/uploads\/2023\/10\/IMG_0813-768x768.jpg 768w, https:\/\/ff-kreiensen.de\/ff\/wp-content\/uploads\/2023\/10\/IMG_0813-1536x1536.jpg 1536w, https:\/\/ff-kreiensen.de\/ff\/wp-content\/uploads\/2023\/10\/IMG_0813-2048x2048.jpg 2048w\" sizes=\"auto, (max-width: 1024px) 100vw, 1024px\" \/><\/figure>\n<\/div>\n\n\n<p class=\"has-text-align-center\">Clemens Harries &#8211; Gruppenf\u00fchrer LG Billerbeck<\/p>\n\n\n\n<hr class=\"wp-block-separator has-css-opacity\"\/>\n\n\n<div class=\"wp-block-image is-resized\">\n<figure class=\"aligncenter size-large\"><img loading=\"lazy\" decoding=\"async\" width=\"1024\" height=\"1024\" src=\"https:\/\/ff-kreiensen.de\/ff\/wp-content\/uploads\/2023\/06\/IMG_0284-1024x1024.jpg\" alt=\"\" class=\"wp-image-1966\" style=\"width:300px\" srcset=\"https:\/\/ff-kreiensen.de\/ff\/wp-content\/uploads\/2023\/06\/IMG_0284-1024x1024.jpg 1024w, https:\/\/ff-kreiensen.de\/ff\/wp-content\/uploads\/2023\/06\/IMG_0284-300x300.jpg 300w, https:\/\/ff-kreiensen.de\/ff\/wp-content\/uploads\/2023\/06\/IMG_0284-150x150.jpg 150w, https:\/\/ff-kreiensen.de\/ff\/wp-content\/uploads\/2023\/06\/IMG_0284-768x768.jpg 768w, https:\/\/ff-kreiensen.de\/ff\/wp-content\/uploads\/2023\/06\/IMG_0284-1536x1536.jpg 1536w, https:\/\/ff-kreiensen.de\/ff\/wp-content\/uploads\/2023\/06\/IMG_0284.jpg 1575w\" sizes=\"auto, (max-width: 1024px) 100vw, 1024px\" \/><\/figure>\n<\/div>\n\n\n<p class=\"has-text-align-center\">Florian B\u00e4thge &#8211; stv. Gruppenf\u00fchrer<\/p>\n\n\n\n<hr class=\"wp-block-separator has-css-opacity\"\/>\n\n\n<div class=\"wp-block-image is-resized\">\n<figure class=\"aligncenter size-large\"><img loading=\"lazy\" decoding=\"async\" width=\"1024\" height=\"1024\" src=\"https:\/\/ff-kreiensen.de\/ff\/wp-content\/uploads\/2023\/06\/IMG_0285-1024x1024.jpg\" alt=\"\" class=\"wp-image-1967\" style=\"width:300px\" srcset=\"https:\/\/ff-kreiensen.de\/ff\/wp-content\/uploads\/2023\/06\/IMG_0285-1024x1024.jpg 1024w, https:\/\/ff-kreiensen.de\/ff\/wp-content\/uploads\/2023\/06\/IMG_0285-300x300.jpg 300w, https:\/\/ff-kreiensen.de\/ff\/wp-content\/uploads\/2023\/06\/IMG_0285-150x150.jpg 150w, https:\/\/ff-kreiensen.de\/ff\/wp-content\/uploads\/2023\/06\/IMG_0285-768x768.jpg 768w, https:\/\/ff-kreiensen.de\/ff\/wp-content\/uploads\/2023\/06\/IMG_0285-1536x1536.jpg 1536w, https:\/\/ff-kreiensen.de\/ff\/wp-content\/uploads\/2023\/06\/IMG_0285.jpg 1597w\" sizes=\"auto, (max-width: 1024px) 100vw, 1024px\" \/><\/figure>\n<\/div>\n\n\n<p class=\"has-text-align-center\">Fabian M\u00f6hle &#8211; auf der Br\u00fccken &#8211; Ger\u00e4tewart<\/p>\n\n\n\n<hr class=\"wp-block-separator has-css-opacity\"\/>\n\n\n<div class=\"wp-block-image is-resized\">\n<figure class=\"aligncenter size-large\"><img loading=\"lazy\" decoding=\"async\" width=\"1024\" height=\"1024\" src=\"https:\/\/ff-kreiensen.de\/ff\/wp-content\/uploads\/2023\/06\/IMG_0282-1024x1024.jpg\" alt=\"\" class=\"wp-image-1968\" style=\"width:300px\" srcset=\"https:\/\/ff-kreiensen.de\/ff\/wp-content\/uploads\/2023\/06\/IMG_0282-1024x1024.jpg 1024w, https:\/\/ff-kreiensen.de\/ff\/wp-content\/uploads\/2023\/06\/IMG_0282-300x300.jpg 300w, https:\/\/ff-kreiensen.de\/ff\/wp-content\/uploads\/2023\/06\/IMG_0282-150x150.jpg 150w, https:\/\/ff-kreiensen.de\/ff\/wp-content\/uploads\/2023\/06\/IMG_0282-768x768.jpg 768w, https:\/\/ff-kreiensen.de\/ff\/wp-content\/uploads\/2023\/06\/IMG_0282.jpg 1409w\" sizes=\"auto, (max-width: 1024px) 100vw, 1024px\" \/><\/figure>\n<\/div>\n\n\n<p class=\"has-text-align-center\">Ingo Probst &#8211; Sicherheitsbeauftragter<\/p>\n\n\n\n<hr class=\"wp-block-separator has-css-opacity\"\/>\n\n\n<div class=\"wp-block-image is-resized\">\n<figure class=\"aligncenter size-large\"><img loading=\"lazy\" decoding=\"async\" width=\"1024\" height=\"1024\" src=\"https:\/\/ff-kreiensen.de\/ff\/wp-content\/uploads\/2023\/06\/IMG_0283-1024x1024.jpg\" alt=\"\" class=\"wp-image-1969\" style=\"width:300px\" srcset=\"https:\/\/ff-kreiensen.de\/ff\/wp-content\/uploads\/2023\/06\/IMG_0283-1024x1024.jpg 1024w, https:\/\/ff-kreiensen.de\/ff\/wp-content\/uploads\/2023\/06\/IMG_0283-300x300.jpg 300w, https:\/\/ff-kreiensen.de\/ff\/wp-content\/uploads\/2023\/06\/IMG_0283-150x150.jpg 150w, https:\/\/ff-kreiensen.de\/ff\/wp-content\/uploads\/2023\/06\/IMG_0283-768x768.jpg 768w, https:\/\/ff-kreiensen.de\/ff\/wp-content\/uploads\/2023\/06\/IMG_0283-1536x1536.jpg 1536w, https:\/\/ff-kreiensen.de\/ff\/wp-content\/uploads\/2023\/06\/IMG_0283.jpg 1756w\" sizes=\"auto, (max-width: 1024px) 100vw, 1024px\" \/><\/figure>\n<\/div>\n\n\n<p class=\"has-text-align-center\">Nils&nbsp;Voltermann- Jugendfeuerwehrwart<\/p>\n\n\n\n<p class=\"has-text-align-center\"><a href=\"https:\/\/ff-kreiensen.de\/ff\/kontakt#jfkontakt\" data-type=\"page\">Kontakt<\/a><\/p>\n\n\n\n<hr class=\"wp-block-separator has-css-opacity\"\/>\n\n\n<div class=\"wp-block-image is-resized\">\n<figure class=\"aligncenter size-full\"><img loading=\"lazy\" decoding=\"async\" width=\"512\" height=\"512\" src=\"https:\/\/ff-kreiensen.de\/ff\/wp-content\/uploads\/2018\/05\/cropped-favicon.png\" alt=\"\" class=\"wp-image-1441\" style=\"width:300px\" srcset=\"https:\/\/ff-kreiensen.de\/ff\/wp-content\/uploads\/2018\/05\/cropped-favicon.png 512w, https:\/\/ff-kreiensen.de\/ff\/wp-content\/uploads\/2018\/05\/cropped-favicon-300x300.png 300w, https:\/\/ff-kreiensen.de\/ff\/wp-content\/uploads\/2018\/05\/cropped-favicon-150x150.png 150w, https:\/\/ff-kreiensen.de\/ff\/wp-content\/uploads\/2018\/05\/cropped-favicon-270x270.png 270w, https:\/\/ff-kreiensen.de\/ff\/wp-content\/uploads\/2018\/05\/cropped-favicon-192x192.png 192w, https:\/\/ff-kreiensen.de\/ff\/wp-content\/uploads\/2018\/05\/cropped-favicon-180x180.png 180w, https:\/\/ff-kreiensen.de\/ff\/wp-content\/uploads\/2018\/05\/cropped-favicon-32x32.png 32w\" sizes=\"auto, (max-width: 512px) 100vw, 512px\" \/><\/figure>\n<\/div>\n\n\n<p class=\"has-text-align-center\">Christoph Hinzdorf &#8211; stv. Jugendfeuerwehrwart<\/p>\n\n\n\n<p class=\"has-text-align-center\"><a href=\"https:\/\/ff-kreiensen.de\/ff\/kontakt#jfkontakt\" data-type=\"page\">Kontakt<\/a><\/p>\n\n\n\n<hr class=\"wp-block-separator has-css-opacity\"\/>\n\n\n<div class=\"wp-block-image is-resized\">\n<figure class=\"aligncenter size-large\"><img loading=\"lazy\" decoding=\"async\" width=\"1024\" height=\"1024\" src=\"https:\/\/ff-kreiensen.de\/ff\/wp-content\/uploads\/2023\/06\/IMG_0288-1024x1024.jpg\" alt=\"\" class=\"wp-image-1971\" style=\"width:300px\" srcset=\"https:\/\/ff-kreiensen.de\/ff\/wp-content\/uploads\/2023\/06\/IMG_0288-1024x1024.jpg 1024w, https:\/\/ff-kreiensen.de\/ff\/wp-content\/uploads\/2023\/06\/IMG_0288-300x300.jpg 300w, https:\/\/ff-kreiensen.de\/ff\/wp-content\/uploads\/2023\/06\/IMG_0288-150x150.jpg 150w, https:\/\/ff-kreiensen.de\/ff\/wp-content\/uploads\/2023\/06\/IMG_0288-768x768.jpg 768w, https:\/\/ff-kreiensen.de\/ff\/wp-content\/uploads\/2023\/06\/IMG_0288.jpg 1517w\" sizes=\"auto, (max-width: 1024px) 100vw, 1024px\" \/><\/figure>\n<\/div>\n\n\n<p class=\"has-text-align-center\">Birgit Wirthgen &#8211;&nbsp;Kinderfeuerwehrwartin<\/p>\n\n\n\n<p class=\"has-text-align-center\"><a href=\"https:\/\/ff-kreiensen.de\/ff\/kontakt#kfkontakt\" data-type=\"page\">Kontakt<\/a><\/p>\n\n\n\n<hr class=\"wp-block-separator has-css-opacity\"\/>\n\n\n<div class=\"wp-block-image\">\n<figure class=\"aligncenter size-large is-resized\"><img loading=\"lazy\" decoding=\"async\" width=\"1024\" height=\"1024\" src=\"https:\/\/ff-kreiensen.de\/ff\/wp-content\/uploads\/2023\/10\/IMG_0811-1024x1024.jpg\" alt=\"\" class=\"wp-image-2083\" style=\"width:300px\" srcset=\"https:\/\/ff-kreiensen.de\/ff\/wp-content\/uploads\/2023\/10\/IMG_0811-1024x1024.jpg 1024w, https:\/\/ff-kreiensen.de\/ff\/wp-content\/uploads\/2023\/10\/IMG_0811-300x300.jpg 300w, https:\/\/ff-kreiensen.de\/ff\/wp-content\/uploads\/2023\/10\/IMG_0811-150x150.jpg 150w, https:\/\/ff-kreiensen.de\/ff\/wp-content\/uploads\/2023\/10\/IMG_0811-768x768.jpg 768w, https:\/\/ff-kreiensen.de\/ff\/wp-content\/uploads\/2023\/10\/IMG_0811-1536x1536.jpg 1536w, https:\/\/ff-kreiensen.de\/ff\/wp-content\/uploads\/2023\/10\/IMG_0811-2048x2048.jpg 2048w\" sizes=\"auto, (max-width: 1024px) 100vw, 1024px\" \/><\/figure>\n<\/div>\n\n\n<p class=\"has-text-align-center\">Ivonne Sieverling &#8211; stv. Kinderfeuerwehrwartin<\/p>\n\n\n\n<p class=\"has-text-align-center\"><a href=\"https:\/\/ff-kreiensen.de\/ff\/kontakt#kfkontakt\" data-type=\"page\">Kontakt<\/a><\/p>\n\n\n\n<hr class=\"wp-block-separator has-css-opacity\"\/>\n\n\n<div class=\"wp-block-image\">\n<figure class=\"aligncenter size-large is-resized\"><img loading=\"lazy\" decoding=\"async\" width=\"1024\" height=\"1024\" src=\"https:\/\/ff-kreiensen.de\/ff\/wp-content\/uploads\/2023\/10\/IMG_0812-1024x1024.jpg\" alt=\"\" class=\"wp-image-2084\" style=\"width:300px\" srcset=\"https:\/\/ff-kreiensen.de\/ff\/wp-content\/uploads\/2023\/10\/IMG_0812-1024x1024.jpg 1024w, https:\/\/ff-kreiensen.de\/ff\/wp-content\/uploads\/2023\/10\/IMG_0812-300x300.jpg 300w, https:\/\/ff-kreiensen.de\/ff\/wp-content\/uploads\/2023\/10\/IMG_0812-150x150.jpg 150w, https:\/\/ff-kreiensen.de\/ff\/wp-content\/uploads\/2023\/10\/IMG_0812-768x768.jpg 768w, https:\/\/ff-kreiensen.de\/ff\/wp-content\/uploads\/2023\/10\/IMG_0812-1536x1536.jpg 1536w, https:\/\/ff-kreiensen.de\/ff\/wp-content\/uploads\/2023\/10\/IMG_0812-2048x2048.jpg 2048w\" sizes=\"auto, (max-width: 1024px) 100vw, 1024px\" \/><\/figure>\n<\/div>\n\n\n<p class=\"has-text-align-center\">Sandra Schneider &#8211; stv. Kinderfeuerwehrwartin<\/p>\n\n\n\n<p class=\"has-text-align-center\"><a href=\"https:\/\/ff-kreiensen.de\/ff\/kontakt#kfkontakt\" data-type=\"page\">Kontakt<\/a><\/p>\n\n\n\n<hr class=\"wp-block-separator has-css-opacity\"\/>\n\n\n<div class=\"wp-block-image is-resized\">\n<figure class=\"aligncenter size-large\"><img loading=\"lazy\" decoding=\"async\" width=\"1024\" height=\"1024\" src=\"https:\/\/ff-kreiensen.de\/ff\/wp-content\/uploads\/2023\/06\/IMG_0279-1024x1024.jpg\" alt=\"\" class=\"wp-image-1972\" style=\"width:300px\" srcset=\"https:\/\/ff-kreiensen.de\/ff\/wp-content\/uploads\/2023\/06\/IMG_0279-1024x1024.jpg 1024w, https:\/\/ff-kreiensen.de\/ff\/wp-content\/uploads\/2023\/06\/IMG_0279-300x300.jpg 300w, https:\/\/ff-kreiensen.de\/ff\/wp-content\/uploads\/2023\/06\/IMG_0279-150x150.jpg 150w, https:\/\/ff-kreiensen.de\/ff\/wp-content\/uploads\/2023\/06\/IMG_0279-768x768.jpg 768w, https:\/\/ff-kreiensen.de\/ff\/wp-content\/uploads\/2023\/06\/IMG_0279-1536x1536.jpg 1536w, https:\/\/ff-kreiensen.de\/ff\/wp-content\/uploads\/2023\/06\/IMG_0279.jpg 1667w\" sizes=\"auto, (max-width: 1024px) 100vw, 1024px\" \/><\/figure>\n<\/div>\n\n\n<p class=\"has-text-align-center\">Frank Probst &#8211; Schriftf\u00fchrer<\/p>\n\n\n\n<br> <br>\n","protected":false},"excerpt":{"rendered":"<p>Die Einsatzabteilung der Freiwilligen Feuerwehr Kreiensen trifft sich jeden Dienstag um 19:00 Uhr am Ger\u00e4tehaus in der Billerbecker Stra\u00dfe und verrichtet dort ihren Ausbildungsdienst. Wenn Sie Interesse haben, schauen Sie doch einfach vorbei. M\u00f6chten Sie nichts mehr verpassen, so k\u00f6nnen Sie uns auch bei Facebook einen Besuch abstatten. Dort posten [&hellip;]<\/p>\n","protected":false},"author":1,"featured_media":356,"parent":0,"menu_order":0,"comment_status":"closed","ping_status":"closed","template":"","meta":{"footnotes":""},"class_list":["post-50","page","type-page","status-publish","has-post-thumbnail","hentry"],"_links":{"self":[{"href":"https:\/\/ff-kreiensen.de\/ff\/wp-json\/wp\/v2\/pages\/50","targetHints":{"allow":["GET"]}}],"collection":[{"href":"https:\/\/ff-kreiensen.de\/ff\/wp-json\/wp\/v2\/pages"}],"about":[{"href":"https:\/\/ff-kreiensen.de\/ff\/wp-json\/wp\/v2\/types\/page"}],"author":[{"embeddable":true,"href":"https:\/\/ff-kreiensen.de\/ff\/wp-json\/wp\/v2\/users\/1"}],"replies":[{"embeddable":true,"href":"https:\/\/ff-kreiensen.de\/ff\/wp-json\/wp\/v2\/comments?post=50"}],"version-history":[{"count":3,"href":"https:\/\/ff-kreiensen.de\/ff\/wp-json\/wp\/v2\/pages\/50\/revisions"}],"predecessor-version":[{"id":2432,"href":"https:\/\/ff-kreiensen.de\/ff\/wp-json\/wp\/v2\/pages\/50\/revisions\/2432"}],"wp:featuredmedia":[{"embeddable":true,"href":"https:\/\/ff-kreiensen.de\/ff\/wp-json\/wp\/v2\/media\/356"}],"wp:attachment":[{"href":"https:\/\/ff-kreiensen.de\/ff\/wp-json\/wp\/v2\/media?parent=50"}],"curies":[{"name":"wp","href":"https:\/\/api.w.org\/{rel}","templated":true}]}}