{"id":52,"date":"2018-05-14T19:12:02","date_gmt":"2018-05-14T17:12:02","guid":{"rendered":"https:\/\/ff-kreiensen.de\/ff\/?page_id=52"},"modified":"2023-02-06T11:47:46","modified_gmt":"2023-02-06T10:47:46","slug":"kinderfeuerwehr","status":"publish","type":"page","link":"https:\/\/ff-kreiensen.de\/ff\/kinderfeuerwehr\/","title":{"rendered":"Kinderfeuerwehr"},"content":{"rendered":"\n<p><strong>Interessante Technik, coole Spiele &amp; jede Menge Spa\u00df!<\/strong><\/p>\n\n\n\n<p class=\"has-text-align-justify\">Die Kinderfeuerwehr Kreiensen, oder auch die &#8222;Feuerflammen Kreiensen&#8220; genannt, wurde am 20. Oktober 2018 als eine weiteres Angebot f\u00fcr Kinder und Jugendliche <strong>im Alter von 6 &#8211; 11 Jahren<\/strong> f\u00fcr Kreiensen und Umgebung gegr\u00fcndet!<\/p>\n\n\n\n<p class=\"has-text-align-justify\">Wenn Du Interesse an der Kinderfeuerwehr hast und alt genug bist, schaue doch einfach mal bei einem unserer Dienste vorbei. <\/p>\n\n\n\n<p>Den aktuellen Dienstplan gibt es in unserem <a href=\"https:\/\/ff-kreiensen.de\/ff\/downloads\/\">Download-Bereich<\/a>.<\/p>\n\n\n\n<p><span>Falls Du schon 10 Jahre oder \u00e4lter bist, aber trotzdem Interesse hast, schau am besten mal bei der <a href=\"https:\/\/ff-kreiensen.de\/ff\/jugendfeuerwehr\/\">Jugendfeuerwehr<\/a><\/span>&nbsp;<span>vorbei oder melde Dich bei uns!<\/span> <\/p>\n\n\n\n<p class=\"has-text-align-justify\">Berichte zu den letzten Diensten findest Du unter dem Punkt &#8222;<a href=\"https:\/\/ff-kreiensen.de\/ff\/aktuelles\/\">Aktuelles<\/a>&#8220; .<\/p>\n\n\n\n<p class=\"has-text-align-justify\">Weitere Informationen erh\u00e4ltst Du bei der Kinderfeuerwehrwartin oder ihren Stellvertreterinnen:<\/p>\n\n\n\n<p><a href=\"https:\/\/ff-kreiensen.de\/ff\/kontakt#kfkontakt\" data-type=\"page\">Kontakt<\/a><\/p>\n\n\n\n<br> <br>\n","protected":false},"excerpt":{"rendered":"<p>Interessante Technik, coole Spiele &amp; jede Menge Spa\u00df! Die Kinderfeuerwehr Kreiensen, oder auch die &#8222;Feuerflammen Kreiensen&#8220; genannt, wurde am 20. Oktober 2018 als eine weiteres Angebot f\u00fcr Kinder und Jugendliche im Alter von 6 &#8211; 11 Jahren f\u00fcr Kreiensen und Umgebung gegr\u00fcndet! Wenn Du Interesse an der Kinderfeuerwehr hast und [&hellip;]<\/p>\n","protected":false},"author":1,"featured_media":177,"parent":0,"menu_order":0,"comment_status":"closed","ping_status":"closed","template":"","meta":{"footnotes":""},"class_list":["post-52","page","type-page","status-publish","has-post-thumbnail","hentry"],"_links":{"self":[{"href":"https:\/\/ff-kreiensen.de\/ff\/wp-json\/wp\/v2\/pages\/52","targetHints":{"allow":["GET"]}}],"collection":[{"href":"https:\/\/ff-kreiensen.de\/ff\/wp-json\/wp\/v2\/pages"}],"about":[{"href":"https:\/\/ff-kreiensen.de\/ff\/wp-json\/wp\/v2\/types\/page"}],"author":[{"embeddable":true,"href":"https:\/\/ff-kreiensen.de\/ff\/wp-json\/wp\/v2\/users\/1"}],"replies":[{"embeddable":true,"href":"https:\/\/ff-kreiensen.de\/ff\/wp-json\/wp\/v2\/comments?post=52"}],"version-history":[{"count":0,"href":"https:\/\/ff-kreiensen.de\/ff\/wp-json\/wp\/v2\/pages\/52\/revisions"}],"wp:featuredmedia":[{"embeddable":true,"href":"https:\/\/ff-kreiensen.de\/ff\/wp-json\/wp\/v2\/media\/177"}],"wp:attachment":[{"href":"https:\/\/ff-kreiensen.de\/ff\/wp-json\/wp\/v2\/media?parent=52"}],"curies":[{"name":"wp","href":"https:\/\/api.w.org\/{rel}","templated":true}]}}