{"id":53,"date":"2018-05-14T19:12:02","date_gmt":"2018-05-14T17:12:02","guid":{"rendered":"https:\/\/ff-kreiensen.de\/ff\/?page_id=53"},"modified":"2023-06-30T09:27:02","modified_gmt":"2023-06-30T07:27:02","slug":"feuerwehrverein","status":"publish","type":"page","link":"https:\/\/ff-kreiensen.de\/ff\/feuerwehrverein\/","title":{"rendered":"Feuerwehrverein"},"content":{"rendered":"\n<p class=\"has-text-align-justify\">Der Feuerwehrverein der Freiwilligen Feuerwehr Kreiensen wurde 2011 gegr\u00fcndet, seine Vorsitzenden sind Peter Schneider (<a href=\"https:\/\/ff-kreiensen.de\/ff\/kontakt\/\" data-type=\"page\" data-id=\"360\" target=\"_blank\" rel=\"noreferrer noopener\">Kontakt<\/a>) und Roger Zenker.<\/p>\n\n\n\n<p class=\"has-text-align-justify\">Das Beitrittsformular f\u00fcr den&nbsp;Feuerwehrverein Kreiensen k\u00f6nnen Sie auf unserer <a href=\"https:\/\/ff-kreiensen.de\/ff\/downloads\/\" data-type=\"page\" data-id=\"49\">Downloadseite<\/a> herunterladen.<\/p>\n\n\n\n<br> <br>\n","protected":false},"excerpt":{"rendered":"<p>Der Feuerwehrverein der Freiwilligen Feuerwehr Kreiensen wurde 2011 gegr\u00fcndet, seine Vorsitzenden sind Peter Schneider (Kontakt) und Roger Zenker. Das Beitrittsformular f\u00fcr den&nbsp;Feuerwehrverein Kreiensen k\u00f6nnen Sie auf unserer Downloadseite herunterladen.<\/p>\n","protected":false},"author":1,"featured_media":176,"parent":0,"menu_order":0,"comment_status":"closed","ping_status":"closed","template":"","meta":{"footnotes":""},"class_list":["post-53","page","type-page","status-publish","has-post-thumbnail","hentry"],"_links":{"self":[{"href":"https:\/\/ff-kreiensen.de\/ff\/wp-json\/wp\/v2\/pages\/53","targetHints":{"allow":["GET"]}}],"collection":[{"href":"https:\/\/ff-kreiensen.de\/ff\/wp-json\/wp\/v2\/pages"}],"about":[{"href":"https:\/\/ff-kreiensen.de\/ff\/wp-json\/wp\/v2\/types\/page"}],"author":[{"embeddable":true,"href":"https:\/\/ff-kreiensen.de\/ff\/wp-json\/wp\/v2\/users\/1"}],"replies":[{"embeddable":true,"href":"https:\/\/ff-kreiensen.de\/ff\/wp-json\/wp\/v2\/comments?post=53"}],"version-history":[{"count":0,"href":"https:\/\/ff-kreiensen.de\/ff\/wp-json\/wp\/v2\/pages\/53\/revisions"}],"wp:featuredmedia":[{"embeddable":true,"href":"https:\/\/ff-kreiensen.de\/ff\/wp-json\/wp\/v2\/media\/176"}],"wp:attachment":[{"href":"https:\/\/ff-kreiensen.de\/ff\/wp-json\/wp\/v2\/media?parent=53"}],"curies":[{"name":"wp","href":"https:\/\/api.w.org\/{rel}","templated":true}]}}